{"id":8,"date":"2025-09-08T14:54:36","date_gmt":"2025-09-08T14:54:36","guid":{"rendered":"https:\/\/xn--dijitaldokunu-utc.com.tr\/?page_id=8"},"modified":"2026-02-16T08:43:12","modified_gmt":"2026-02-16T08:43:12","slug":"ana-sayfa","status":"publish","type":"page","link":"https:\/\/luksajans.com.tr\/","title":{"rendered":"Ana Sayfa"},"content":{"rendered":"\n<div class=\"wp-block-cover alignfull\" style=\"min-height:720px;aspect-ratio:unset;\"><span aria-hidden=\"true\" class=\"wp-block-cover__background has-background-dim-100 has-background-dim has-background-gradient has-luminous-vivid-amber-to-luminous-vivid-orange-gradient-background\"><\/span><div class=\"wp-block-cover__inner-container is-layout-flow wp-block-cover-is-layout-flow\">\n<div class=\"inherit-container-width wp-block-group alignwide is-layout-constrained wp-block-group-is-layout-constrained\">\n<div class=\"wp-block-media-text alignwide has-media-on-the-right is-stacked-on-mobile is-vertically-aligned-center\" style=\"grid-template-columns:auto 43%\"><div class=\"wp-block-media-text__content\">\n<h5 class=\"wp-block-heading has-text-align-left has-white-color has-text-color\">\u201cSosyal medyada fark yarat\u0131n, tasar\u0131mda iz b\u0131rak\u0131n.\u201d<\/h5>\n\n\n\n<p class=\"has-white-color has-text-color\">Yarat\u0131c\u0131 \u00e7\u00f6z\u00fcmlerle markan\u0131z\u0131 dijital d\u00fcnyada \u00f6ne \u00e7\u0131kar\u0131yoruz.<br>Sosyal medya y\u00f6netimi, profesyonel grafik tasar\u0131m ve etkili dijital pazarlama hizmetlerimizle i\u015fletmenize de\u011fer kat\u0131yoruz.<br>Bizimle, hedef kitlenize en do\u011fru \u015fekilde ula\u015f\u0131n ve markan\u0131z\u0131 g\u00fc\u00e7lendirin.<\/p>\n\n\n\n<p class=\"has-white-color has-text-color\"><\/p>\n<\/div><figure class=\"wp-block-media-text__media\"><img decoding=\"async\" src=\"https:\/\/luksajans.com.tr\/wp-content\/themes\/astra\/inc\/assets\/images\/starter-content\/hero-img.svg\" alt=\"\" class=\"wp-image-118 size-full\"\/><\/figure><\/div>\n<\/div>\n<\/div><\/div>\n\n\n\n<div class=\"wp-block-group alignfull has-ast-global-color-5-background-color has-background is-layout-constrained wp-container-core-group-is-layout-9cedb757 wp-block-group-is-layout-constrained\" style=\"padding-bottom:0px\">\n<div class=\"wp-block-columns are-vertically-aligned-top is-layout-flex wp-container-core-columns-is-layout-00723822 wp-block-columns-is-layout-flex\">\n<div class=\"wp-block-column is-vertically-aligned-top is-layout-flow wp-container-core-column-is-layout-6b73ce23 wp-block-column-is-layout-flow\">\n<h6 class=\"wp-block-heading has-text-align-left\" style=\"margin-top:16px\">Sosyal Medya Y\u00f6netimi<\/h6>\n\n\n\n<p class=\"has-text-align-left\">Markan\u0131z\u0131n sosyal medyada g\u00fc\u00e7l\u00fc ve etkili bir \u015fekilde yer almas\u0131n\u0131 sa\u011fl\u0131yoruz. Profesyonel i\u00e7erik \u00fcretimi ve stratejik planlamayla takip\u00e7ilerinizi m\u00fc\u015fteriye d\u00f6n\u00fc\u015ft\u00fcr\u00fcn.<\/p>\n<\/div>\n\n\n\n<div class=\"wp-block-column is-vertically-aligned-top is-layout-flow wp-container-core-column-is-layout-6b73ce23 wp-block-column-is-layout-flow\">\n<h6 class=\"wp-block-heading has-text-align-left\" style=\"margin-top:16px\">Grafik Tasar\u0131m<\/h6>\n\n\n\n<p class=\"has-text-align-left\">Yarat\u0131c\u0131 ve \u00f6zg\u00fcn tasar\u0131mlarla markan\u0131z\u0131 g\u00f6rsel olarak g\u00fc\u00e7lendiriyoruz. Logodan afi\u015fe, katalogdan sosyal medya g\u00f6rsellerine kadar t\u00fcm tasar\u0131m ihtiya\u00e7lar\u0131n\u0131z i\u00e7in yan\u0131n\u0131zday\u0131z.<\/p>\n<\/div>\n\n\n\n<div class=\"wp-block-column is-vertically-aligned-top is-layout-flow wp-container-core-column-is-layout-6b73ce23 wp-block-column-is-layout-flow\">\n<h6 class=\"wp-block-heading has-text-align-left\" style=\"margin-top:16px\">Dijital Pazarlama<\/h6>\n\n\n\n<p class=\"has-text-align-left\">Do\u011fru hedef kitleye ula\u015farak markan\u0131z\u0131 b\u00fcy\u00fct\u00fcn. Reklam y\u00f6netimi, SEO ve dijital kampanyalarla i\u015fletmenizi dijital d\u00fcnyada \u00f6ne \u00e7\u0131kar\u0131yoruz.<\/p>\n<\/div>\n\n\n\n<div class=\"wp-block-column is-vertically-aligned-top is-layout-flow wp-container-core-column-is-layout-6b73ce23 wp-block-column-is-layout-flow\">\n<h6 class=\"wp-block-heading has-text-align-left\" style=\"margin-top:16px\">Kurumsal Kimlik Tasar\u0131m\u0131<\/h6>\n\n\n\n<p class=\"has-text-align-left\">Ajans\u0131m\u0131z, markalar\u0131n g\u00fcvenilir ve ak\u0131lda kal\u0131c\u0131 bir imaj kazanmas\u0131 i\u00e7in profesyonel kurumsal kimlik \u00e7\u00f6z\u00fcmleri sunar. Logo, renk, tipografi ve t\u00fcm kurumsal materyallerinizi markan\u0131za \u00f6zel tasarlayarak g\u00fc\u00e7l\u00fc bir marka kimli\u011fi olu\u015ftururuz.<br><\/p>\n<\/div>\n<\/div>\n<\/div>\n\n\n\n<div class=\"wp-block-group alignfull has-ast-global-color-5-background-color has-background is-layout-constrained wp-container-core-group-is-layout-94d206d0 wp-block-group-is-layout-constrained\" id=\"about\" style=\"padding-top:143px;padding-bottom:144px\">\n<div class=\"wp-block-media-text has-media-on-the-right is-stacked-on-mobile is-vertically-aligned-center\"><div class=\"wp-block-media-text__content\">\n<div class=\"inherit-container-width wp-block-group is-layout-constrained wp-container-core-group-is-layout-47ce07ec wp-block-group-is-layout-constrained\" style=\"padding-right:80px\">\n<h2 class=\"wp-block-heading\" style=\"padding-right:40px\">Hakk\u0131m\u0131zda<\/h2>\n\n\n\n<p>Biz, markalar\u0131n dijital d\u00fcnyada g\u00fc\u00e7l\u00fc bir \u015fekilde var olmas\u0131n\u0131 sa\u011flayan yarat\u0131c\u0131 bir ajans\u0131z. Sosyal medya y\u00f6netimi, grafik tasar\u0131m, dijital pazarlama ve kurumsal kimlik \u00e7al\u0131\u015fmalar\u0131yla i\u015fletmelere \u00f6zel \u00e7\u00f6z\u00fcmler \u00fcretiyoruz.<\/p>\n\n\n\n<p>Amac\u0131m\u0131z; markan\u0131z\u0131 do\u011fru stratejiyle hedef kitlenize ula\u015ft\u0131rmak, fark edilir hale getirmek ve dijital d\u00fcnyada kal\u0131c\u0131 bir iz b\u0131rakmakt\u0131r. Her projede yenilik\u00e7i, \u00f6zg\u00fcn ve profesyonel bir bak\u0131\u015f a\u00e7\u0131s\u0131yla \u00e7al\u0131\u015farak size de\u011fer kat\u0131yoruz.<\/p>\n\n\n\n<p>Bizimle \u00e7al\u0131\u015farak, markan\u0131z\u0131 dijital d\u00fcnyada g\u00fcvenle b\u00fcy\u00fctebilirsiniz.<\/p>\n<\/div>\n<\/div><figure class=\"wp-block-media-text__media\"><img loading=\"lazy\" decoding=\"async\" width=\"1024\" height=\"1024\" src=\"https:\/\/luksajans.com.tr\/wp-content\/uploads\/2025\/09\/61cc9262-873f-4f41-ab65-22c2dad3957e.jpg\" alt=\"\" class=\"wp-image-29 size-full\" srcset=\"https:\/\/luksajans.com.tr\/wp-content\/uploads\/2025\/09\/61cc9262-873f-4f41-ab65-22c2dad3957e.jpg 1024w, https:\/\/luksajans.com.tr\/wp-content\/uploads\/2025\/09\/61cc9262-873f-4f41-ab65-22c2dad3957e-300x300.jpg 300w, https:\/\/luksajans.com.tr\/wp-content\/uploads\/2025\/09\/61cc9262-873f-4f41-ab65-22c2dad3957e-150x150.jpg 150w, https:\/\/luksajans.com.tr\/wp-content\/uploads\/2025\/09\/61cc9262-873f-4f41-ab65-22c2dad3957e-768x768.jpg 768w\" sizes=\"auto, (max-width: 1024px) 100vw, 1024px\" \/><\/figure><\/div>\n<\/div>\n\n\n\n<div class=\"wp-block-group alignfull has-ast-global-color-4-background-color has-background is-layout-constrained wp-container-core-group-is-layout-6a2cfb7b wp-block-group-is-layout-constrained\" id=\"reviews\">\n<p class=\"has-text-align-center\" style=\"font-size:22px;line-height:1.6\">Biz Neler Yap\u0131yoruz?<\/p>\n\n\n\n<ul class=\"wp-block-list\">\n<li><strong>Sosyal Medya Y\u00f6netimi:<\/strong> Profesyonel i\u00e7erikler, stratejik planlama ve reklamlarla markan\u0131z\u0131 sosyal medyada \u00f6ne \u00e7\u0131kar\u0131yoruz.<\/li>\n\n\n\n<li><strong>Grafik Tasar\u0131m:<\/strong> \u00d6zg\u00fcn ve yarat\u0131c\u0131 tasar\u0131mlarla markan\u0131z\u0131n g\u00f6rsel kimli\u011fini g\u00fc\u00e7lendiriyoruz.<\/li>\n\n\n\n<li><strong>Dijital Pazarlama:<\/strong> Google Ads, SEO ve dijital kampanyalarla do\u011fru hedef kitleye ula\u015fman\u0131z\u0131 sa\u011fl\u0131yoruz.<\/li>\n\n\n\n<li><strong>Kurumsal Kimlik Tasar\u0131m\u0131:<\/strong> Logo, renk ve tasar\u0131m diliyle markan\u0131z\u0131 rakiplerinizden ay\u0131racak g\u00fc\u00e7l\u00fc bir kimlik olu\u015fturuyoruz.<\/li>\n<\/ul>\n\n\n\n<hr class=\"wp-block-separator has-alpha-channel-opacity\"\/>\n\n\n\n<h3 class=\"wp-block-heading\">Bizi Neden Se\u00e7melisiniz?<\/h3>\n\n\n\n<p class=\"has-text-align-center\" style=\"font-size:22px;line-height:1.6\">\u2714\ufe0f Her markaya \u00f6zel strateji geli\u015ftiriyoruz.<br>\u2714\ufe0f Yarat\u0131c\u0131, \u00f6zg\u00fcn ve profesyonel tasar\u0131mlar sunuyoruz.<br>\u2714\ufe0f \u00d6l\u00e7\u00fclebilir ve sonu\u00e7 odakl\u0131 \u00e7\u00f6z\u00fcmler \u00fcretiyoruz.<br>\u2714\ufe0f \u0130\u015finize de\u011fer katan, g\u00fcvenilir bir i\u015f orta\u011f\u0131y\u0131z.<\/p>\n<\/div>\n\n\n\n<div class=\"wp-block-group alignfull has-background is-layout-constrained wp-container-core-group-is-layout-cfcca693 wp-block-group-is-layout-constrained\" id=\"contact\" style=\"background:linear-gradient(135deg,rgb(255,206,236) 0%,rgb(255,255,255) 73%,rgb(152,150,240) 100%);padding-top:104px;padding-bottom:104px\">\n<h2 class=\"wp-block-heading has-text-align-center has-ast-global-color-8-color has-text-color\">\ud83d\udcde \u0130leti\u015fim<\/h2>\n\n\n\n<p>Bize her zaman ula\u015fabilirsiniz!<\/p>\n\n\n\n<p class=\"has-text-align-center\"><strong>Telefon \/ WhatsApp:<\/strong> 0 (551) 340 59 24<br><strong>Adres:<\/strong> Beylikd\u00fcz\u00fc, \u0130stanbul<br>Perlavista AVM, A Blok, Kat: 10, Daire: 200<\/p>\n\n\n\n<div class=\"wp-block-buttons alignwide is-horizontal is-content-justification-center is-layout-flex wp-container-core-buttons-is-layout-bba8380a wp-block-buttons-is-layout-flex\" style=\"margin-top:50px\">\n<div class=\"wp-block-button\"><a class=\"wp-block-button__link wp-element-button\">0551 340 59 24<\/a><\/div>\n<\/div>\n<\/div>\n\n\n\n<p><\/p>\n","protected":false},"excerpt":{"rendered":"<p>Sosyal Medya Y\u00f6netimi Markan\u0131z\u0131n sosyal medyada g\u00fc\u00e7l\u00fc ve etkili bir \u015fekilde yer almas\u0131n\u0131 sa\u011fl\u0131yoruz. Profesyonel i\u00e7erik \u00fcretimi ve stratejik planlamayla [&hellip;]<\/p>\n","protected":false},"author":1,"featured_media":0,"parent":0,"menu_order":0,"comment_status":"closed","ping_status":"closed","template":"","meta":{"site-sidebar-layout":"no-sidebar","site-content-layout":"plain-container","ast-site-content-layout":"default","site-content-style":"default","site-sidebar-style":"default","ast-global-header-display":"","ast-banner-title-visibility":"","ast-main-header-display":"","ast-hfb-above-header-display":"","ast-hfb-below-header-display":"","ast-hfb-mobile-header-display":"","site-post-title":"disabled","ast-breadcrumbs-content":"","ast-featured-img":"","footer-sml-layout":"","theme-transparent-header-meta":"enabled","adv-header-id-meta":"","stick-header-meta":"","header-above-stick-meta":"","header-main-stick-meta":"","header-below-stick-meta":"","astra-migrate-meta-layouts":"default","ast-page-background-enabled":"default","ast-page-background-meta":{"desktop":{"background-color":"var(--ast-global-color-5)","background-image":"","background-repeat":"repeat","background-position":"center center","background-size":"auto","background-attachment":"scroll","background-type":"","background-media":"","overlay-type":"","overlay-color":"","overlay-opacity":"","overlay-gradient":""},"tablet":{"background-color":"","background-image":"","background-repeat":"repeat","background-position":"center center","background-size":"auto","background-attachment":"scroll","background-type":"","background-media":"","overlay-type":"","overlay-color":"","overlay-opacity":"","overlay-gradient":""},"mobile":{"background-color":"","background-image":"","background-repeat":"repeat","background-position":"center center","background-size":"auto","background-attachment":"scroll","background-type":"","background-media":"","overlay-type":"","overlay-color":"","overlay-opacity":"","overlay-gradient":""}},"ast-content-background-meta":{"desktop":{"background-color":"var(--ast-global-color-4)","background-image":"","background-repeat":"repeat","background-position":"center center","background-size":"auto","background-attachment":"scroll","background-type":"","background-media":"","overlay-type":"","overlay-color":"","overlay-opacity":"","overlay-gradient":""},"tablet":{"background-color":"var(--ast-global-color-4)","background-image":"","background-repeat":"repeat","background-position":"center center","background-size":"auto","background-attachment":"scroll","background-type":"","background-media":"","overlay-type":"","overlay-color":"","overlay-opacity":"","overlay-gradient":""},"mobile":{"background-color":"var(--ast-global-color-4)","background-image":"","background-repeat":"repeat","background-position":"center center","background-size":"auto","background-attachment":"scroll","background-type":"","background-media":"","overlay-type":"","overlay-color":"","overlay-opacity":"","overlay-gradient":""}},"footnotes":""},"class_list":["post-8","page","type-page","status-publish","hentry"],"_links":{"self":[{"href":"https:\/\/luksajans.com.tr\/index.php?rest_route=\/wp\/v2\/pages\/8","targetHints":{"allow":["GET"]}}],"collection":[{"href":"https:\/\/luksajans.com.tr\/index.php?rest_route=\/wp\/v2\/pages"}],"about":[{"href":"https:\/\/luksajans.com.tr\/index.php?rest_route=\/wp\/v2\/types\/page"}],"author":[{"embeddable":true,"href":"https:\/\/luksajans.com.tr\/index.php?rest_route=\/wp\/v2\/users\/1"}],"replies":[{"embeddable":true,"href":"https:\/\/luksajans.com.tr\/index.php?rest_route=%2Fwp%2Fv2%2Fcomments&post=8"}],"version-history":[{"count":9,"href":"https:\/\/luksajans.com.tr\/index.php?rest_route=\/wp\/v2\/pages\/8\/revisions"}],"predecessor-version":[{"id":37,"href":"https:\/\/luksajans.com.tr\/index.php?rest_route=\/wp\/v2\/pages\/8\/revisions\/37"}],"wp:attachment":[{"href":"https:\/\/luksajans.com.tr\/index.php?rest_route=%2Fwp%2Fv2%2Fmedia&parent=8"}],"curies":[{"name":"wp","href":"https:\/\/api.w.org\/{rel}","templated":true}]}}